{"id":241411,"date":"2022-10-11T16:06:20","date_gmt":"2022-10-11T14:06:20","guid":{"rendered":"https:\/\/rza.cnrs.fr\/?page_id=241411"},"modified":"2026-05-06T13:40:03","modified_gmt":"2026-05-06T11:40:03","slug":"elter","status":"publish","type":"page","link":"https:\/\/rza.cnrs.fr\/en\/elter\/","title":{"rendered":"eLTER"},"content":{"rendered":"<p>[et_pb_section fb_built=\u00a0\u00bb1&Prime; custom_padding_last_edited=\u00a0\u00bbon|tablet\u00a0\u00bb admin_label=\u00a0\u00bbHero\u00a0\u00bb _builder_version=\u00a0\u00bb4.16&Prime; _module_preset=\u00a0\u00bb11d88b9b-6136-42b2-9a52-345988e1cd5a\u00a0\u00bb custom_margin=\u00a0\u00bb0px||||false|false\u00a0\u00bb custom_padding=\u00a0\u00bb30px|0|0px||false|false\u00a0\u00bb custom_padding_tablet=\u00a0\u00bb||0px||false|false\u00a0\u00bb custom_padding_phone=\u00a0\u00bb15px||0px||false|false\u00a0\u00bb locked=\u00a0\u00bboff\u00a0\u00bb global_colors_info=\u00a0\u00bb{}\u00a0\u00bb][et_pb_row _builder_version=\u00a0\u00bb4.16&Prime; _module_preset=\u00a0\u00bbdefault\u00a0\u00bb width_tablet=\u00a0\u00bb49%\u00a0\u00bb width_phone=\u00a0\u00bb80%\u00a0\u00bb width_last_edited=\u00a0\u00bbon|tablet\u00a0\u00bb custom_padding=\u00a0\u00bb||47px|||\u00a0\u00bb global_colors_info=\u00a0\u00bb{}\u00a0\u00bb][et_pb_column type=\u00a0\u00bb4_4&Prime; _builder_version=\u00a0\u00bb4.16&Prime; _module_preset=\u00a0\u00bbdefault\u00a0\u00bb custom_padding=\u00a0\u00bb|||\u00a0\u00bb global_colors_info=\u00a0\u00bb{}\u00a0\u00bb custom_padding__hover=\u00a0\u00bb|||\u00a0\u00bb][et_pb_post_title _builder_version=\u00a0\u00bb4.17.6&Prime; _module_preset=\u00a0\u00bbdefault\u00a0\u00bb title_line_height=\u00a0\u00bb1.4em\u00a0\u00bb width_tablet=\u00a0\u00bb80%\u00a0\u00bb width_phone=\u00a0\u00bb100%\u00a0\u00bb width_last_edited=\u00a0\u00bboff|desktop\u00a0\u00bb custom_margin_tablet=\u00a0\u00bb11px||||false|false\u00a0\u00bb custom_margin_phone=\u00a0\u00bb11px||||false|false\u00a0\u00bb custom_margin_last_edited=\u00a0\u00bbon|phone\u00a0\u00bb title_text_align_tablet=\u00a0\u00bb\u00a0\u00bb title_text_align_phone=\u00a0\u00bbcenter\u00a0\u00bb title_text_align_last_edited=\u00a0\u00bbon|phone\u00a0\u00bb title_line_height_tablet=\u00a0\u00bb1.4em\u00a0\u00bb title_line_height_phone=\u00a0\u00bb1.4em\u00a0\u00bb global_colors_info=\u00a0\u00bb{}\u00a0\u00bb][\/et_pb_post_title][\/et_pb_column][\/et_pb_row][\/et_pb_section][et_pb_section fb_built=\u00a0\u00bb1&Prime; _builder_version=\u00a0\u00bb4.16&Prime; _module_preset=\u00a0\u00bbdefault\u00a0\u00bb custom_padding=\u00a0\u00bb11px||0px|||\u00a0\u00bb global_colors_info=\u00a0\u00bb{}\u00a0\u00bb][et_pb_row _builder_version=\u00a0\u00bb4.16&Prime; _module_preset=\u00a0\u00bbdefault\u00a0\u00bb custom_padding=\u00a0\u00bb||97px|||\u00a0\u00bb global_colors_info=\u00a0\u00bb{}\u00a0\u00bb][et_pb_column type=\u00a0\u00bb4_4&Prime; _builder_version=\u00a0\u00bb4.16&Prime; _module_preset=\u00a0\u00bbdefault\u00a0\u00bb global_colors_info=\u00a0\u00bb{}\u00a0\u00bb][et_pb_text _builder_version=\u00a0\u00bb4.27.6&Prime; _module_preset=\u00a0\u00bbdefault\u00a0\u00bb global_colors_info=\u00a0\u00bb{}\u00a0\u00bb]<\/p>\n<h1><strong>Contexte<\/strong><\/h1>\n<p>En 2018, <span>eLTER<\/span> RI (<strong>Integrated European Long-Term Ecosystem, Critical Zone and Socio-ecological Research<\/strong>) a \u00e9t\u00e9 int\u00e9gr\u00e9 \u00e0 la feuille de route de l&rsquo;<a href=\"https:\/\/www.esfri.eu\/\" target=\"_blank\" rel=\"noopener\">ESFRI<\/a> (Forum strat\u00e9gique europ\u00e9en sur les infrastructures de recherche) est une infrastructure de recherche au service de la recherche europ\u00e9enne sur la <strong>zone critique<\/strong>, les <strong>\u00e9cosyst\u00e8mes<\/strong> et les <strong>socio-\u00e9cosyst\u00e8mes<\/strong>. Elle a pour mission de comprendre, sur le long terme, les interactions complexes entre soci\u00e9t\u00e9s humaines et nature gr\u00e2ce \u00e0 des donn\u00e9es robustes et des approches transdisciplinaires. Elle contribue \u00e0 produire des connaissances et des solutions fond\u00e9es sur la science afin d\u2019accompagner les territoires vers des trajectoires durables et dans leurs transformations au b\u00e9n\u00e9fice des g\u00e9n\u00e9rations pr\u00e9sentes et futures.<\/p>\n<p><strong>eLTER H2020 (2015-2019)<\/strong><strong>\u00a0: phase de design <\/strong><\/p>\n<p>eLTER H2020 \u00e9tait un projet majeur sur la voie du d\u00e9veloppement des infrastructures europ\u00e9ennes de recherche sur les \u00e9cosyst\u00e8mes \u00e0 long terme. L&rsquo;objectif global du projet eLTER H2020 \u00e9tait de faire progresser le r\u00e9seau europ\u00e9en de sites et plateformes de recherche \u00e0 long terme sur les \u00e9cosyst\u00e8mes.<\/p>\n<p>Pour y parvenir, le r\u00e9seau LTER-Europe et la communaut\u00e9 europ\u00e9enne des observatoires de zones critiques (OZ) ont collabor\u00e9 \u00e0 eLTER H2020. 162 sites dans 22 pays ont fourni des donn\u00e9es sur les tendances \u00e0 long terme des changements environnementaux. Des cas d&rsquo;essai utilisant ces donn\u00e9es ont \u00e9t\u00e9 utilis\u00e9s pour traiter une s\u00e9rie de questions environnementales et sociales afin de pousser l&rsquo;innovation dans les services au niveau du r\u00e9seau et d&rsquo;orienter les d\u00e9veloppements conceptuels.<\/p>\n<p>[\/et_pb_text][et_pb_text _builder_version=\u00a0\u00bb4.27.6&Prime; _module_preset=\u00a0\u00bbdefault\u00a0\u00bb global_colors_info=\u00a0\u00bb{}\u00a0\u00bb]<\/p>\n<h1><strong>L\u2019infrastructure de recherche eLTER<\/strong><strong> : phase de pr\u00e9paration de l\u2019IR<\/strong><\/h1>\n<p>eLTER est actuellement en fin de phase pr\u00e9paratoire, en passe de devenir une infrastructure de recherche \u00e0 part enti\u00e8re. Il est financ\u00e9 par la Commission europ\u00e9enne (2020-2027)<strong> \u00e0 travers trois projets <a href=\"https:\/\/elter-ri.eu\/elter-ppp\" target=\"_blank\" rel=\"noopener\">eLTER PPP<\/a>, <a href=\"https:\/\/elter-ri.eu\/elter-plus\" target=\"_blank\" rel=\"noopener\">eLTER PLUS<\/a> et <a href=\"https:\/\/elter-ri.eu\/elter-enrich\" target=\"_blank\" rel=\"noopener\">eLTER EnRich<\/a>.<\/strong><\/p>\n<p>[\/et_pb_text][et_pb_image src=\u00a0\u00bbhttps:\/\/rza.cnrs.fr\/wp-content\/uploads\/Timeline-elter1240-\u00d7-620-px-1.png\u00a0\u00bb title_text=\u00a0\u00bbTimeline-elter(1240 \u00d7 620 px)\u00a0\u00bb _builder_version=\u00a0\u00bb4.27.6&Prime; _module_preset=\u00a0\u00bbdefault\u00a0\u00bb global_colors_info=\u00a0\u00bb{}\u00a0\u00bb][\/et_pb_image][et_pb_text _builder_version=\u00a0\u00bb4.17.6&Prime; _module_preset=\u00a0\u00bbdefault\u00a0\u00bb global_colors_info=\u00a0\u00bb{}\u00a0\u00bb]<\/p>\n<p style=\"text-align: right;\"><em>Diff\u00e9rentes \u00e9tapes du d\u00e9veloppement de l&rsquo;infrastructure eLTER, source <a href=\"https:\/\/elter-ri.eu\/about-elter-ri\" target=\"_blank\" rel=\"noopener\">elter-ri.eu<\/a><\/em><\/p>\n<p>[\/et_pb_text][et_pb_text _builder_version=\u00a0\u00bb4.27.6&Prime; _module_preset=\u00a0\u00bbdefault\u00a0\u00bb global_colors_info=\u00a0\u00bb{}\u00a0\u00bb]<\/p>\n<p>\u00c0 terme, <strong>eLTER RI<\/strong> regroupera des infrastructures nationales de recherche (NRI), des <strong>services centraux et un portail de services<\/strong>\u00a0\u00e0 l\u2019\u00e9chelle europ\u00e9enne. Chaque pays participant apportera des <strong>sites eLTER et des plateformes eLTSER\u00a0<\/strong> pour observer les \u00e9cosyst\u00e8mes sur le long terme et pour la recherche socio-\u00e9cologique. Ces installations seront accessibles \u00e0 la recherche et \u00e0 l&rsquo;\u00e9ducation via un syst\u00e8me centralis\u00e9.<\/p>\n<p>Le r\u00e9seau physique distribu\u00e9 d\u2019eLTER se compose d\u2019environ <strong>250 sites et plateformes de recherche<\/strong>, exploit\u00e9s par des institutions r\u00e9parties dans une vingtaine de pays. Il repr\u00e9sente les principales conditions environnementales et socio-\u00e9cologiques europ\u00e9ennes.<\/p>\n<p>Les <strong>services centraux<\/strong> d\u2019eLTER couvrent un large \u00e9ventail d\u2019activit\u00e9s, allant de l\u2019int\u00e9gration et de l\u2019analyse des donn\u00e9es jusqu\u2019\u00e0 leur mise en synth\u00e8se en vue de produire des connaissances op\u00e9rationnelles. Ils sont assur\u00e9s par les centres th\u00e9matiques (Topic Center) et le bureau central (Head Office).<\/p>\n<p>Le <strong>portail de services eLTER<\/strong> constitue un point d\u2019acc\u00e8s unique \u00e0 l\u2019ensemble des informations, des services ainsi qu\u2019aux possibilit\u00e9s d\u2019acc\u00e8s, qu\u2019elles soient virtuelles ou physiques.<\/p>\n<p>&nbsp;<\/p>\n<p>[\/et_pb_text][et_pb_image src=\u00a0\u00bbhttps:\/\/rza.cnrs.fr\/wp-content\/uploads\/Archi_eLTER.png\u00a0\u00bb title_text=\u00a0\u00bbArchi_eLTER\u00a0\u00bb align=\u00a0\u00bbcenter\u00a0\u00bb _builder_version=\u00a0\u00bb4.27.6&Prime; _module_preset=\u00a0\u00bbdefault\u00a0\u00bb global_colors_info=\u00a0\u00bb{}\u00a0\u00bb][\/et_pb_image][\/et_pb_column][\/et_pb_row][et_pb_row _builder_version=\u00a0\u00bb4.27.6&Prime; _module_preset=\u00a0\u00bbdefault\u00a0\u00bb global_colors_info=\u00a0\u00bb{}\u00a0\u00bb][et_pb_column type=\u00a0\u00bb4_4&Prime; _builder_version=\u00a0\u00bb4.27.6&Prime; _module_preset=\u00a0\u00bbdefault\u00a0\u00bb global_colors_info=\u00a0\u00bb{}\u00a0\u00bb][et_pb_text _builder_version=\u00a0\u00bb4.27.6&Prime; _module_preset=\u00a0\u00bbdefault\u00a0\u00bb global_colors_info=\u00a0\u00bb{}\u00a0\u00bb]<\/p>\n<h2><strong data-start=\"79\" data-end=\"148\">Objectifs strat\u00e9giques de <span class=\"hover:entity-accent entity-underline inline cursor-pointer align-baseline\"><span class=\"whitespace-normal\">eLTER<\/span><\/span> :<\/strong><\/h2>\n<ul data-start=\"150\" data-end=\"812\">\n<li data-section-id=\"yzxwzv\" data-start=\"150\" data-end=\"335\"><strong data-start=\"152\" data-end=\"190\">D\u00e9velopper une recherche innovante<\/strong> pour mieux comprendre les interactions entre biodiversit\u00e9, \u00e9cosyst\u00e8mes et soci\u00e9t\u00e9s, et r\u00e9pondre aux grands d\u00e9fis environnementaux et soci\u00e9taux<\/li>\n<li data-section-id=\"1kmw6ic\" data-start=\"336\" data-end=\"492\"><strong data-start=\"338\" data-end=\"406\">Structurer un r\u00e9seau europ\u00e9en d\u2019observation et d\u2019exp\u00e9rimentation<\/strong> en int\u00e9grant des sites de recherche in situ interconnect\u00e9s \u00e0 l\u2019\u00e9chelle du continent europ\u00e9en<\/li>\n<li data-section-id=\"12v2pm1\" data-start=\"493\" data-end=\"647\"><strong data-start=\"495\" data-end=\"558\">Faciliter l\u2019acc\u00e8s aux donn\u00e9es et aux services scientifiques<\/strong> via des outils communs et des ressources harmonis\u00e9es, au service de la science ouverte<\/li>\n<li data-section-id=\"19n92ox\" data-start=\"648\" data-end=\"812\"><strong data-start=\"650\" data-end=\"706\">Renforcer la collaboration et la transdisciplinarit\u00e9<\/strong> en favorisant les \u00e9changes entre disciplines, acteurs et pays, dans une d\u00e9marche responsable et durable<\/li>\n<\/ul>\n<p>[\/et_pb_text][\/et_pb_column][\/et_pb_row][et_pb_row _builder_version=\u00a0\u00bb4.27.6&Prime; _module_preset=\u00a0\u00bbdefault\u00a0\u00bb global_colors_info=\u00a0\u00bb{}\u00a0\u00bb][et_pb_column type=\u00a0\u00bb4_4&Prime; _builder_version=\u00a0\u00bb4.27.6&Prime; _module_preset=\u00a0\u00bbdefault\u00a0\u00bb global_colors_info=\u00a0\u00bb{}\u00a0\u00bb][et_pb_text _builder_version=\u00a0\u00bb4.27.6&Prime; _module_preset=\u00a0\u00bbdefault\u00a0\u00bb global_colors_info=\u00a0\u00bb{}\u00a0\u00bb]<\/p>\n<h2>eLTER FRANCE<\/h2>\n<p>Le R\u00e9seau des Zones Ateliers (IR- RZA) et l&rsquo;Observatoires de la zone critique, applications et recherche (IR-OZCAR) composent le noeud fran\u00e7ais d&rsquo;eLTER, soutenu par le <a href=\"https:\/\/www.enseignementsup-recherche.gouv.fr\/fr\" target=\"_blank\" rel=\"noopener\">Minist\u00e8re de l&rsquo;Enseignement Sup\u00e9rieur de la Recherche et de l&rsquo;Espace.\u00a0<\/a><\/p>\n<p>La coordination nationale d&rsquo;eLTER France accompagne les sites et plateformes qui souhaitent une labellisation lors du lancement de l&rsquo;infrastructure europ\u00e9enne en 2026 : 6 plateformes socio-\u00e9cologiques et 19 sites instrument\u00e9s appartenant aux deux infrastructures. Pour le RZA il s&rsquo;agit de 9 sites et 5 plateformes.<\/p>\n<p>[\/et_pb_text][\/et_pb_column][\/et_pb_row][et_pb_row _builder_version=\u00a0\u00bb4.27.6&Prime; _module_preset=\u00a0\u00bbdefault\u00a0\u00bb global_colors_info=\u00a0\u00bb{}\u00a0\u00bb][et_pb_column type=\u00a0\u00bb4_4&Prime; _builder_version=\u00a0\u00bb4.27.6&Prime; _module_preset=\u00a0\u00bbdefault\u00a0\u00bb global_colors_info=\u00a0\u00bb{}\u00a0\u00bb][et_pb_image src=\u00a0\u00bbhttps:\/\/rza.cnrs.fr\/wp-content\/uploads\/sites_candidats_elter_20268_LEGEND.png\u00a0\u00bb title_text=\u00a0\u00bbsites_candidats_elter_20268_LEGEND\u00a0\u00bb _builder_version=\u00a0\u00bb4.27.6&Prime; _module_preset=\u00a0\u00bbdefault\u00a0\u00bb hover_enabled=\u00a0\u00bb0&Prime; global_colors_info=\u00a0\u00bb{}\u00a0\u00bb align=\u00a0\u00bbcenter\u00a0\u00bb sticky_enabled=\u00a0\u00bb0&Prime;][\/et_pb_image][\/et_pb_column][\/et_pb_row][et_pb_row _builder_version=\u00a0\u00bb4.27.6&Prime; _module_preset=\u00a0\u00bbdefault\u00a0\u00bb global_colors_info=\u00a0\u00bb{}\u00a0\u00bb][et_pb_column type=\u00a0\u00bb4_4&Prime; _builder_version=\u00a0\u00bb4.27.6&Prime; _module_preset=\u00a0\u00bbdefault\u00a0\u00bb global_colors_info=\u00a0\u00bb{}\u00a0\u00bb][et_pb_text _builder_version=\u00a0\u00bb4.27.6&Prime; _module_preset=\u00a0\u00bbdefault\u00a0\u00bb global_colors_info=\u00a0\u00bb{}\u00a0\u00bb]<\/p>\n<h2>Topic Center sur la transdisciplinarit\u00e9 et les sciences de la durabilit\u00e9<\/h2>\n<p>La France est candidate pour co-porter un Topic Center avec l\u2019Autriche (<a href=\"https:\/\/boku.ac.at\/en\/wiso\/isec\" target=\"_blank\" rel=\"noopener\">BOKU<\/a><a href=\"https:\/\/boku.ac.at\/en\/wiso\/isec\" target=\"_blank\" rel=\"noopener\">, Institut of Social Ecology<\/a>). Ce dispositif vise \u00e0 structurer et d\u00e9velopper des services autour des th\u00e9matiques suivantes :<\/p>\n<ul data-start=\"345\" data-end=\"502\">\n<li data-section-id=\"1re6xh6\" data-start=\"345\" data-end=\"368\">Transdisciplinarit\u00e9<\/li>\n<li data-section-id=\"5ok924\" data-start=\"369\" data-end=\"405\">Mod\u00e9lisation socio-\u00e9cosyst\u00e9mique<\/li>\n<li data-section-id=\"1g5wuw9\" data-start=\"406\" data-end=\"427\">Objets fronti\u00e8res<\/li>\n<li data-section-id=\"1npseox\" data-start=\"428\" data-end=\"445\">Policy briefs<\/li>\n<li data-section-id=\"2izpmg\" data-start=\"446\" data-end=\"463\">Policy forums<\/li>\n<li data-section-id=\"th8mk3\" data-start=\"464\" data-end=\"502\">Mat\u00e9riel \u00e9ducatif \/ Summer Schools<\/li>\n<\/ul>\n<ul><\/ul>\n<p>[\/et_pb_text][\/et_pb_column][\/et_pb_row][\/et_pb_section]<\/p>\n","protected":false},"excerpt":{"rendered":"<p>Contexte En 2018, eLTER RI (Integrated European Long-Term Ecosystem, Critical Zone and Socio-ecological Research) a \u00e9t\u00e9 int\u00e9gr\u00e9 \u00e0 la feuille de route de l&rsquo;ESFRI (Forum strat\u00e9gique europ\u00e9en sur les infrastructures de recherche) est une infrastructure de recherche au service de la recherche europ\u00e9enne sur la zone critique, les \u00e9cosyst\u00e8mes et les socio-\u00e9cosyst\u00e8mes. Elle a pour [&hellip;]<\/p>\n","protected":false},"author":3,"featured_media":0,"parent":0,"menu_order":0,"comment_status":"closed","ping_status":"closed","template":"","meta":{"_acf_changed":false,"_et_pb_use_builder":"on","_et_pb_old_content":"","_et_gb_content_width":"","footnotes":""},"dipi_cpt_category":[],"class_list":["post-241411","page","type-page","status-publish","hentry"],"acf":[],"_links":{"self":[{"href":"https:\/\/rza.cnrs.fr\/en\/wp-json\/wp\/v2\/pages\/241411","targetHints":{"allow":["GET"]}}],"collection":[{"href":"https:\/\/rza.cnrs.fr\/en\/wp-json\/wp\/v2\/pages"}],"about":[{"href":"https:\/\/rza.cnrs.fr\/en\/wp-json\/wp\/v2\/types\/page"}],"author":[{"embeddable":true,"href":"https:\/\/rza.cnrs.fr\/en\/wp-json\/wp\/v2\/users\/3"}],"replies":[{"embeddable":true,"href":"https:\/\/rza.cnrs.fr\/en\/wp-json\/wp\/v2\/comments?post=241411"}],"version-history":[{"count":40,"href":"https:\/\/rza.cnrs.fr\/en\/wp-json\/wp\/v2\/pages\/241411\/revisions"}],"predecessor-version":[{"id":241793,"href":"https:\/\/rza.cnrs.fr\/en\/wp-json\/wp\/v2\/pages\/241411\/revisions\/241793"}],"wp:attachment":[{"href":"https:\/\/rza.cnrs.fr\/en\/wp-json\/wp\/v2\/media?parent=241411"}],"wp:term":[{"taxonomy":"dipi_cpt_category","embeddable":true,"href":"https:\/\/rza.cnrs.fr\/en\/wp-json\/wp\/v2\/dipi_cpt_category?post=241411"}],"curies":[{"name":"wp","href":"https:\/\/api.w.org\/{rel}","templated":true}]}}