{"id":241402,"date":"2022-10-11T16:01:21","date_gmt":"2022-10-11T14:01:21","guid":{"rendered":"https:\/\/rza.cnrs.fr\/?page_id=241402"},"modified":"2026-04-17T16:15:26","modified_gmt":"2026-04-17T14:15:26","slug":"gestion-des-donnees","status":"publish","type":"page","link":"https:\/\/rza.cnrs.fr\/en\/gestion-des-donnees\/","title":{"rendered":"Gestion des donn\u00e9es"},"content":{"rendered":"<p>[et_pb_section fb_built=\u00a0\u00bb1&Prime; custom_padding_last_edited=\u00a0\u00bbon|tablet\u00a0\u00bb admin_label=\u00a0\u00bbHero\u00a0\u00bb _builder_version=\u00a0\u00bb4.16&Prime; _module_preset=\u00a0\u00bb11d88b9b-6136-42b2-9a52-345988e1cd5a\u00a0\u00bb custom_margin=\u00a0\u00bb0px||||false|false\u00a0\u00bb custom_padding=\u00a0\u00bb30px|0|0px||false|false\u00a0\u00bb custom_padding_tablet=\u00a0\u00bb||0px||false|false\u00a0\u00bb custom_padding_phone=\u00a0\u00bb15px||0px||false|false\u00a0\u00bb locked=\u00a0\u00bboff\u00a0\u00bb global_colors_info=\u00a0\u00bb{}\u00a0\u00bb][et_pb_row _builder_version=\u00a0\u00bb4.16&Prime; _module_preset=\u00a0\u00bbdefault\u00a0\u00bb width_tablet=\u00a0\u00bb49%\u00a0\u00bb width_phone=\u00a0\u00bb80%\u00a0\u00bb width_last_edited=\u00a0\u00bbon|tablet\u00a0\u00bb custom_padding=\u00a0\u00bb||47px|||\u00a0\u00bb global_colors_info=\u00a0\u00bb{}\u00a0\u00bb][et_pb_column type=\u00a0\u00bb4_4&Prime; _builder_version=\u00a0\u00bb4.16&Prime; _module_preset=\u00a0\u00bbdefault\u00a0\u00bb custom_padding=\u00a0\u00bb|||\u00a0\u00bb global_colors_info=\u00a0\u00bb{}\u00a0\u00bb custom_padding__hover=\u00a0\u00bb|||\u00a0\u00bb][et_pb_post_title _builder_version=\u00a0\u00bb4.17.6&Prime; _module_preset=\u00a0\u00bbdefault\u00a0\u00bb title_font=\u00a0\u00bbOpen Sans|700||on|||||\u00a0\u00bb title_line_height=\u00a0\u00bb1.4em\u00a0\u00bb width_tablet=\u00a0\u00bb80%\u00a0\u00bb width_phone=\u00a0\u00bb100%\u00a0\u00bb width_last_edited=\u00a0\u00bboff|desktop\u00a0\u00bb custom_margin_tablet=\u00a0\u00bb11px||||false|false\u00a0\u00bb custom_margin_phone=\u00a0\u00bb11px||||false|false\u00a0\u00bb custom_margin_last_edited=\u00a0\u00bbon|phone\u00a0\u00bb title_text_align_tablet=\u00a0\u00bb\u00a0\u00bb title_text_align_phone=\u00a0\u00bbcenter\u00a0\u00bb title_text_align_last_edited=\u00a0\u00bbon|phone\u00a0\u00bb title_line_height_tablet=\u00a0\u00bb1.4em\u00a0\u00bb title_line_height_phone=\u00a0\u00bb1.4em\u00a0\u00bb global_colors_info=\u00a0\u00bb{}\u00a0\u00bb][\/et_pb_post_title][\/et_pb_column][\/et_pb_row][\/et_pb_section][et_pb_section fb_built=\u00a0\u00bb1&Prime; _builder_version=\u00a0\u00bb4.16&Prime; _module_preset=\u00a0\u00bbdefault\u00a0\u00bb custom_padding=\u00a0\u00bb11px||0px|||\u00a0\u00bb global_colors_info=\u00a0\u00bb{}\u00a0\u00bb][et_pb_row _builder_version=\u00a0\u00bb4.16&Prime; _module_preset=\u00a0\u00bbdefault\u00a0\u00bb custom_padding=\u00a0\u00bb30px||97px|||\u00a0\u00bb global_colors_info=\u00a0\u00bb{}\u00a0\u00bb][et_pb_column type=\u00a0\u00bb4_4&Prime; _builder_version=\u00a0\u00bb4.16&Prime; _module_preset=\u00a0\u00bbdefault\u00a0\u00bb global_colors_info=\u00a0\u00bb{}\u00a0\u00bb][et_pb_text _builder_version=\u00a0\u00bb4.27.6&Prime; _module_preset=\u00a0\u00bbdefault\u00a0\u00bb hover_enabled=\u00a0\u00bb0&Prime; global_colors_info=\u00a0\u00bb{}\u00a0\u00bb sticky_enabled=\u00a0\u00bb0&Prime;]<\/p>\n<h3><strong>Introduction<\/strong><\/h3>\n<p>La gestion de la donn\u00e9e du RZA repose sur la <a href=\"https:\/\/www.inee.cnrs.fr\/sites\/institut_inee\/files\/download-file\/CNRS-INEE-politique%20de%20donnees_1.pdf\" target=\"_blank\" rel=\"noopener\">Politique des donn\u00e9es du CNRS E&amp;E<\/a> d\u00e9finissant les principes g\u00e9n\u00e9raux d\u2019utilisation, de stockage, de diffusion et de r\u00e9utilisation des donn\u00e9es.<\/p>\n<p>Cette gestion prend en compte le cycle de vie complets des donn\u00e9es depuis leur cr\u00e9ation jusqu&rsquo;\u00e0 leur r\u00e9utilisation.<\/p>\n<p>[\/et_pb_text][et_pb_image src=\u00a0\u00bbhttps:\/\/rza.cnrs.fr\/wp-content\/uploads\/cycledevie_animee.gif\u00a0\u00bb title_text=\u00a0\u00bbcycledevie_animee\u00a0\u00bb align=\u00a0\u00bbcenter\u00a0\u00bb _builder_version=\u00a0\u00bb4.27.6&Prime; _module_preset=\u00a0\u00bbdefault\u00a0\u00bb global_colors_info=\u00a0\u00bb{}\u00a0\u00bb][\/et_pb_image][et_pb_text _builder_version=\u00a0\u00bb4.27.6&Prime; _module_preset=\u00a0\u00bbdefault\u00a0\u00bb global_colors_info=\u00a0\u00bb{}\u00a0\u00bb]<\/p>\n<p style=\"text-align: right;\"><em>Cycle de vie de la donn\u00e9e, source : inist.fr<\/em><\/p>\n<p>[\/et_pb_text][et_pb_text admin_label=\u00a0\u00bbTexte\u00a0\u00bb _builder_version=\u00a0\u00bb4.27.6&Prime; _module_preset=\u00a0\u00bbdefault\u00a0\u00bb global_colors_info=\u00a0\u00bb{}\u00a0\u00bb]<\/p>\n<p>Elle s\u2019inscrit \u00e9galement dans la feuille de route nationale des Infrastructures de recherche et europ\u00e9enne (eLTER) et rel\u00e8ve du Groupe de travail \u00ab Donn\u00e9es et Science ouverte \u00bb.<\/p>\n<p>Ce groupe de travail cr\u00e9\u00e9 en 2021, prend la suite du projet inter-ZA BED \u00ab\u00a0Bancariser Ensemble des Donn\u00e9es\u00a0\u00bb lanc\u00e9 en 2017. Il vise \u00e0 accompagner les Zones ateliers dans la production de donn\u00e9es FAIR (Findable, Accessible, Interoperable, Reusable) dans :<\/p>\n<ul>\n<li>l\u2019acquisition et la production de donn\u00e9es tant pour les sciences de l\u2019environnement que pour les sciences humaines et sociales<\/li>\n<li>le d\u00e9veloppement de solutions techniques originales pour la gestion des \u00e9chantillons et des donn\u00e9es<\/li>\n<li>la mise en accessibilit\u00e9 des donn\u00e9es<\/li>\n<li>l\u2019interop\u00e9rabilit\u00e9<\/li>\n<li>la r\u00e9utilisation des donn\u00e9es produites par le r\u00e9seau.<\/li>\n<\/ul>\n<ul><\/ul>\n<p>Aujourd\u2019hui, une dizaine de personnes chercheurs et <em>data scientist<\/em> r\u00e9parties dans toutes les Zones Ateliers contribuent \u00e0 ce projet. N\u2019h\u00e9sitez pas \u00e0 prendre part \u00e0 ce projet en vous abonnant \u00e0 la<a href=\"mailto:sympa@groupes.renater.fr?subject=SUBSCRIBE%20rza-gt4-donnees\" target=\"_blank\" rel=\"noopener\"> liste de diffusion<\/a>!<\/p>\n<p>&nbsp;<\/p>\n<h2 class=\"docdata\" style=\"margin: 0cm 0cm 12.0pt 0cm;\"><span style=\"font-family: 'Carlito',sans-serif; color: black;\">Interactions du <\/span><span style=\"font-family: 'Carlito',sans-serif; color: black;\">GT Donn\u00e9es et Science ouverte<\/span><span style=\"font-family: 'Calibri',sans-serif; color: black;\">\u00a0<\/span><span style=\"font-family: 'Carlito',sans-serif; color: black;\">: <o:p><\/o:p><\/span><\/h2>\n<p>Le RZA\u00a0 int\u00e9ragit avec:<\/p>\n<ul>\n<li>les diff\u00e9rentes Zones Ateliers : pour traduire les approches nationales et europ\u00e9ennes (outils, partage de bonnes pratiques, guides utilisateurs, actions f\u00e9d\u00e9ratrices et formation)<\/li>\n<li><a href=\"https:\/\/dohnee.mnhn.fr\/fr\">DoNhEE<\/a>: pour des aspects de formation et des actions de maintenance des serveurs \u00e0 l\u2019IN2P3<\/li>\n<li>le <strong>P\u00f4le National des Donn\u00e9es de la Biodiversit\u00e9<\/strong> (<a href=\"http:\/\/www.patrinat.fr\/fr\/pole-national-de-donnees-de-biodiversite-pndb-6256\" target=\"_blank\" rel=\"noopener\">PNDB<\/a>), l&rsquo;IR Ozcar (<a href=\"http:\/\/www.ozcar-ri.org\/\" target=\"_blank\" rel=\"noopener\">OZCAR<\/a>), le P\u00f4le <a href=\"https:\/\/www.theia-land.fr\/\" target=\"_blank\" rel=\"noopener\">THEIA<\/a>, le P\u00f4le \u201c<a href=\"https:\/\/www.data-terra.org\/\" target=\"_blank\" rel=\"noopener\">DataTerra<\/a>\u201d et le projet <a href=\"https:\/\/terra-forma.cnrs.fr\/le-projet\/\" target=\"_blank\" rel=\"noopener\">Terra Forma<\/a><\/li>\n<li>le <a href=\"https:\/\/www.inee.cnrs.fr\/\" target=\"_blank\" rel=\"noopener\">CNRS E&amp;E<\/a> : pour assurer la veille sur les exp\u00e9riences de gestion de donn\u00e9es et la mise en coh\u00e9rence des outils et pratiques<\/li>\n<li>les r\u00e9seaux sur les donn\u00e9es du monde acad\u00e9mique (<a href=\"https:\/\/rbdd.cnrs.fr\/spip.php?rubrique1\" target=\"_blank\" rel=\"noopener\">RBDD<\/a>, <a href=\"https:\/\/www.rd-alliance.org\/groups\/rda-france\" target=\"_blank\" rel=\"noopener\">RDA-France<\/a>, <a href=\"https:\/\/sist.cnrs.fr\/\" target=\"_blank\" rel=\"noopener\">SIST<\/a>,) : action de veille et partage d\u2019exp\u00e9rience<\/li>\n<\/ul>\n<p>[\/et_pb_text][et_pb_text _builder_version=\u00a0\u00bb4.27.6&Prime; _module_preset=\u00a0\u00bbdefault\u00a0\u00bb global_colors_info=\u00a0\u00bb{}\u00a0\u00bb]<\/p>\n<h2>Recommandations aux producteurs de donn\u00e9es<\/h2>\n<p>Le RZA conseille aux producteurs de donn\u00e9s\u00a0:<\/p>\n<ul>\n<li>d\u2019\u00e9laborer \u00e0 l\u2018\u00e9chelle de leur projet et d\u00e8s le lancement un <strong>Plan de Gestion de la Donn\u00e9e<\/strong>. L\u2019outil <a href=\"https:\/\/dmp.opidor.fr\/\" target=\"_blank\" rel=\"noopener\">DMP-OPIDOR<\/a> assiste dans cette d\u00e9marche, avec des indications \u00e0 chaque \u00e9tape.<\/li>\n<li>de produire des <strong>fiches de m\u00e9tadonn\u00e9es<\/strong> et \u00e0 proc\u00e9der \u00e0 la <strong>DOI-isation des jeux de donn\u00e9es <\/strong>en attribuant un identifiant unique aux jeux de donn\u00e9es, via le d\u00e9p\u00f4t des jeux de donn\u00e9es dans des entrep\u00f4ts s\u00e9curis\u00e9s. L\u2019outil <a href=\"https:\/\/github.com\/r-geoflow\/geoflow\" target=\"_blank\" rel=\"noopener\">Geoflow<\/a> (open source, d\u00e9velopp\u00e9 par E. Blondel) et data2geo (open source, d\u00e9v\u00e9lopp\u00e9s par I. Charpentier) sont recommand\u00e9s pour faciliter la r\u00e9actualisation des informations sur certains jeux de donn\u00e9es (s\u00e9ries longues).<\/li>\n<li>de <strong>structurer<\/strong> les donn\u00e9es en conformit\u00e9 avec les principes FAIR.<\/li>\n<li>de publier leurs donn\u00e9es dans un entrep\u00f4t de donn\u00e9es pr\u00e9f\u00e9rentiellement institutionnel s\u00e9curis\u00e9, voire certifi\u00e9, tel que <a href=\"https:\/\/data.indores.fr\/\" target=\"_blank\" rel=\"noopener\">InDoRES<\/a> (CNRS E&amp;E), et <a href=\"https:\/\/nakala.fr\/\" target=\"_blank\" rel=\"noopener\">Nakala<\/a> (TGIR Huma-Num) pour les donn\u00e9es sp\u00e9cifiques Sciences Humaines et Sociales<\/li>\n<li>d\u2019<strong>anticiper<\/strong> les conditions juridiques d\u2019utilisation des donn\u00e9es apr\u00e8s la fin du projet de recherche en choisissant des licences explicitant les droits attach\u00e9s aux donn\u00e9es (Etalab ou CC BY par exemple).<\/li>\n<li>de <strong>discuter<\/strong> de toute question l\u00e9gale ou \u00e9thique particuli\u00e8re avec le D\u00e9l\u00e9gu\u00e9 \u00e0 la Protection des Donn\u00e9es (DPD) de l\u2019\u00e9tablissement employeur.<\/li>\n<\/ul>\n<ul><\/ul>\n<p>[\/et_pb_text][et_pb_text _builder_version=\u00a0\u00bb4.27.6&Prime; _module_preset=\u00a0\u00bbdefault\u00a0\u00bb global_colors_info=\u00a0\u00bb{}\u00a0\u00bb]<\/p>\n<h3><strong>InDoRES :<\/strong><strong><\/strong><\/h3>\n<p>Pour <strong>d\u00e9poser des donn\u00e9es dans un autre entrep\u00f4t<\/strong>, l\u2019entrep\u00f4t \u00e0 privil\u00e9gier pour les donn\u00e9es du RZA est <a href=\"https:\/\/data.indores.fr\/\" target=\"_blank\" rel=\"noopener\">DataInDoRES<\/a> : Inventaire des Donn\u00e9es de la recherche en Environnement et Soci\u00e9t\u00e9s. Ce service est mis \u00e0 disposition par le CNRS E&amp;E et g\u00e9r\u00e9 par DoHNEE.<\/p>\n<p>Un sous-espace d\u00e9di\u00e9 aux donn\u00e9es du RZA y a \u00e9t\u00e9 cr\u00e9\u00e9 : <a href=\"https:\/\/data.indores.fr\/dataverse\/RZA\" target=\"_blank\" rel=\"noopener\">https:\/\/data.indores.fr\/dataverse\/RZA<\/a>. Ce portail permet de d\u00e9couvrir les bases et jeux de donn\u00e9es par projets, de d\u00e9poser les donn\u00e9es dans un entrep\u00f4t s\u00e9curis\u00e9. Vous y trouverez \u00e9galement des ressources sur les pratiques qui facilitent le partage et la r\u00e9utilisation des donn\u00e9es.<strong><\/strong><\/p>\n<p><strong><a href=\"https:\/\/www.indores.fr\/contact-indores\" target=\"_blank\" rel=\"noopener\">Formulaire de contact pour la cr\u00e9ation de compte et codes d&rsquo;acc\u00e8s d&rsquo;InDoRES<\/a><\/strong><\/p>\n<p>&nbsp;<\/p>\n<h3><strong>Nakala\u00a0: <\/strong><\/h3>\n<p><a href=\"https:\/\/nakala.fr\/\" target=\"_blank\" rel=\"noopener\">Nakala<\/a> est un service de l\u2019IR <a href=\"https:\/\/www.huma-num.fr\/\" target=\"_blank\" rel=\"noopener\">Huma-Num <\/a>permettant de partager, publier et valoriser tous types de donn\u00e9es num\u00e9riques document\u00e9es (fichiers textes, sons, images, vid\u00e9os, objets 3D, etc.) dans un entrep\u00f4t s\u00e9curis\u00e9 afin de les publier en accord avec les principes du FAIR<\/p>\n<p>Il propose \u00e9galement un dispositif d\u2019exposition des m\u00e9tadonn\u00e9es qui permet leur r\u00e9f\u00e9rencement par des moteurs de recherche sp\u00e9cialis\u00e9s comme <a href=\"https:\/\/isidore.science\/\" target=\"_blank\" rel=\"noopener\">ISIDORE<\/a>.<\/p>\n<p>Nakala s\u2019inscrit dans un dispositif coh\u00e9rent de services mis en place par Huma-Num pour faciliter l\u2019acc\u00e8s, le signalement, la conservation et l\u2019archivage \u00e0 long terme des donn\u00e9es de la recherche en SHS.<\/p>\n<h2><strong><\/strong><\/h2>\n<h2><strong>Vocabulaire contr\u00f4l\u00e9<\/strong><strong>\u00a0<\/strong><strong>: <\/strong><\/h2>\n<p>Lors de la production des fiches de m\u00e9tadonn\u00e9es et du choix des noms des variables (dictionnaire de donn\u00e9es), nous invitons \u00e0 privil\u00e9gier le th\u00e9saurus <a href=\"https:\/\/vocabs.lter-europe.net\/envthes\/en\/\" target=\"_blank\" rel=\"noopener\">EnvThes <\/a>du r\u00e9seau eLTER. <span>Les autres th\u00e9saurus \u00e0 privil\u00e9gier sont : <a href=\"https:\/\/data.loterre.fr\/fr\/\" target=\"_blank\" rel=\"noopener\">LOTERRE Biodiversit\u00e9<\/a>, <a href=\"https:\/\/in-situ.theia-land.fr\/skosmos\/theia_ozcar_thesaurus\/en\/\" target=\"_blank\" rel=\"noopener\">THEIA\/OZCAR<\/a>, <a href=\"https:\/\/www.eionet.europa.eu\/gemet\/en\/about\/\" target=\"_blank\" rel=\"noopener\">GEMET<\/a> et <a href=\"https:\/\/agrovoc.fao.org\/browse\/agrovoc\/en\/\" target=\"_blank\" rel=\"noopener\">AGROVOC<\/a><\/span><\/p>\n<p><span><\/span><\/p>\n<h2><strong>Personnes contacts<\/strong><strong>\u00a0<\/strong><strong>: <\/strong><\/h2>\n<ul>\n<li>Isabelle Charpentier, C\u00e9cile Pignol<\/li>\n<\/ul>\n<p>[\/et_pb_text][\/et_pb_column][\/et_pb_row][\/et_pb_section][et_pb_section fb_built=\u00a0\u00bb1&Prime; _builder_version=\u00a0\u00bb4.16&Prime; _module_preset=\u00a0\u00bbdefault\u00a0\u00bb background_image=\u00a0\u00bbhttps:\/\/rza.cnrs.fr\/wp-content\/uploads\/rade_depuis_IUEM.jpg\u00a0\u00bb custom_padding=\u00a0\u00bb0px||0px|||\u00a0\u00bb global_colors_info=\u00a0\u00bb{}\u00a0\u00bb][et_pb_row _builder_version=\u00a0\u00bb4.16&Prime; _module_preset=\u00a0\u00bbdefault\u00a0\u00bb min_height=\u00a0\u00bb256.6px\u00a0\u00bb custom_padding=\u00a0\u00bb||54px|||\u00a0\u00bb global_colors_info=\u00a0\u00bb{}\u00a0\u00bb][et_pb_column type=\u00a0\u00bb4_4&Prime; _builder_version=\u00a0\u00bb4.16&Prime; _module_preset=\u00a0\u00bbdefault\u00a0\u00bb global_colors_info=\u00a0\u00bb{}\u00a0\u00bb][et_pb_divider show_divider=\u00a0\u00bboff\u00a0\u00bb _builder_version=\u00a0\u00bb4.16&Prime; _module_preset=\u00a0\u00bbdefault\u00a0\u00bb global_colors_info=\u00a0\u00bb{}\u00a0\u00bb][\/et_pb_divider][\/et_pb_column][\/et_pb_row][\/et_pb_section][et_pb_section fb_built=\u00a0\u00bb1&Prime; admin_label=\u00a0\u00bbFooter\u00a0\u00bb _builder_version=\u00a0\u00bb4.16&Prime; background_color=\u00a0\u00bb#01375B\u00a0\u00bb min_height=\u00a0\u00bb257.4px\u00a0\u00bb custom_margin=\u00a0\u00bb||||false|false\u00a0\u00bb custom_padding=\u00a0\u00bb39px||0px||false|false\u00a0\u00bb locked=\u00a0\u00bboff\u00a0\u00bb global_colors_info=\u00a0\u00bb{}\u00a0\u00bb][et_pb_row _builder_version=\u00a0\u00bb4.16&Prime; _module_preset=\u00a0\u00bbdefault\u00a0\u00bb custom_padding=\u00a0\u00bb0px||23px|||\u00a0\u00bb global_colors_info=\u00a0\u00bb{}\u00a0\u00bb][et_pb_column type=\u00a0\u00bb4_4&Prime; _builder_version=\u00a0\u00bb4.16&Prime; _module_preset=\u00a0\u00bbdefault\u00a0\u00bb global_colors_info=\u00a0\u00bb{}\u00a0\u00bb][dipi_carousel columns=\u00a0\u00bb8&Prime; container_padding=\u00a0\u00bb15px|15px|15px|15px|true|true\u00a0\u00bb show_lightbox=\u00a0\u00bboff\u00a0\u00bb navigation=\u00a0\u00bbon\u00a0\u00bb navigation_color=\u00a0\u00bb#FFFFFF\u00a0\u00bb navigation_bg_color=\u00a0\u00bb#F2BB07&Prime; columns_tablet=\u00a0\u00bb5&Prime; columns_phone=\u00a0\u00bb3&Prime; columns_last_edited=\u00a0\u00bbon|tablet\u00a0\u00bb container_padding_tablet=\u00a0\u00bb15px|15px|15px|15px|true|true\u00a0\u00bb container_padding_phone=\u00a0\u00bb15px|15px|15px|15px|true|true\u00a0\u00bb container_padding_last_edited=\u00a0\u00bbon|phone\u00a0\u00bb _builder_version=\u00a0\u00bb4.27.6&Prime; _module_preset=\u00a0\u00bbdefault\u00a0\u00bb background_enable_color=\u00a0\u00bboff\u00a0\u00bb custom_css_title=\u00a0\u00bbdisplay:none;\u00a0\u00bb border_radii=\u00a0\u00bbon|25px|25px|25px|25px\u00a0\u00bb global_colors_info=\u00a0\u00bb{}\u00a0\u00bb][dipi_carousel_child label=\u00a0\u00bbMESRI\u00a0\u00bb img_src=\u00a0\u00bbhttps:\/\/rza.cnrs.fr\/wp-content\/uploads\/LOGO_MESRE_2026.png\u00a0\u00bb title_text=\u00a0\u00bbLOGO_MESRE_2026&Prime; _builder_version=\u00a0\u00bb4.27.6&Prime; _module_preset=\u00a0\u00bbdefault\u00a0\u00bb link_option_url=\u00a0\u00bbhttp:\/\/www.cnrs.fr\/\u00a0\u00bb global_colors_info=\u00a0\u00bb{}\u00a0\u00bb][\/dipi_carousel_child][dipi_carousel_child label=\u00a0\u00bbCNRS\u00a0\u00bb img_src=\u00a0\u00bbhttps:\/\/rza.cnrs.fr\/wp-content\/uploads\/CNRS_512x512_fond_blanc.png\u00a0\u00bb title_text=\u00a0\u00bbCNRS_512x512_fond_blanc\u00a0\u00bb _builder_version=\u00a0\u00bb4.27.6&Prime; _module_preset=\u00a0\u00bbdefault\u00a0\u00bb link_option_url=\u00a0\u00bbhttp:\/\/www.cnrs.fr\/\u00a0\u00bb global_colors_info=\u00a0\u00bb{}\u00a0\u00bb][\/dipi_carousel_child][dipi_carousel_child label=\u00a0\u00bbeLTER\u00a0\u00bb img_src=\u00a0\u00bbhttps:\/\/rza.cnrs.fr\/wp-content\/uploads\/eLTER_logo.jpg\u00a0\u00bb title_text=\u00a0\u00bbeLTER_logo\u00a0\u00bb _builder_version=\u00a0\u00bb4.17.4&Prime; _module_preset=\u00a0\u00bbdefault\u00a0\u00bb link_option_url=\u00a0\u00bbhttp:\/\/www.lter-europe.net\/\u00a0\u00bb global_colors_info=\u00a0\u00bb{}\u00a0\u00bb][\/dipi_carousel_child][\/dipi_carousel][\/et_pb_column][\/et_pb_row][et_pb_row column_structure=\u00a0\u00bb1_2,1_2&Prime; use_custom_gutter=\u00a0\u00bbon\u00a0\u00bb gutter_width=\u00a0\u00bb1&Prime; make_equal=\u00a0\u00bbon\u00a0\u00bb _builder_version=\u00a0\u00bb4.16&Prime; _module_preset=\u00a0\u00bbdefault\u00a0\u00bb width=\u00a0\u00bb100%\u00a0\u00bb max_width=\u00a0\u00bb100%\u00a0\u00bb custom_padding=\u00a0\u00bb13px||0px|||\u00a0\u00bb global_colors_info=\u00a0\u00bb{}\u00a0\u00bb][et_pb_column type=\u00a0\u00bb1_2&Prime; _builder_version=\u00a0\u00bb4.16&Prime; _module_preset=\u00a0\u00bbdefault\u00a0\u00bb background_color=\u00a0\u00bb#1D1718&Prime; custom_padding=\u00a0\u00bb17px|26px|33px|26px|false|true\u00a0\u00bb custom_padding_tablet=\u00a0\u00bb17px|26px|17px|26px|true|true\u00a0\u00bb custom_padding_phone=\u00a0\u00bb|17px||17px|true|true\u00a0\u00bb custom_padding_last_edited=\u00a0\u00bbon|tablet\u00a0\u00bb global_colors_info=\u00a0\u00bb{}\u00a0\u00bb][et_pb_menu menu_id=\u00a0\u00bb3&Prime; submenu_direction=\u00a0\u00bbdownwards\u00a0\u00bb active_link_color=\u00a0\u00bb#C6CD16&Prime; module_class=\u00a0\u00bblldw-menu-footer\u00a0\u00bb _builder_version=\u00a0\u00bb4.16&Prime; _module_preset=\u00a0\u00bbdefault\u00a0\u00bb menu_text_color=\u00a0\u00bb#FFFFFF\u00a0\u00bb background_enable_color=\u00a0\u00bboff\u00a0\u00bb text_orientation=\u00a0\u00bbcenter\u00a0\u00bb global_colors_info=\u00a0\u00bb{}\u00a0\u00bb][\/et_pb_menu][\/et_pb_column][et_pb_column type=\u00a0\u00bb1_2&Prime; _builder_version=\u00a0\u00bb4.16&Prime; _module_preset=\u00a0\u00bbdefault\u00a0\u00bb custom_padding=\u00a0\u00bb15px|61px|15px|61px|true|true\u00a0\u00bb custom_padding_tablet=\u00a0\u00bb|46px||46px|true|true\u00a0\u00bb custom_padding_phone=\u00a0\u00bb27px|25px|27px|25px|true|true\u00a0\u00bb custom_padding_last_edited=\u00a0\u00bbon|tablet\u00a0\u00bb global_colors_info=\u00a0\u00bb{}\u00a0\u00bb][et_pb_text _builder_version=\u00a0\u00bb4.16&Prime; _module_preset=\u00a0\u00bbdefault\u00a0\u00bb text_text_color=\u00a0\u00bbrgba(255,255,255,0.58)\u00a0\u00bb text_font_size=\u00a0\u00bb12px\u00a0\u00bb text_line_height=\u00a0\u00bb1.5em\u00a0\u00bb link_text_color=\u00a0\u00bb#ff9400&Prime; background_layout=\u00a0\u00bbdark\u00a0\u00bb global_colors_info=\u00a0\u00bb{}\u00a0\u00bb]<\/p>\nCopyright &copy; 2026 CNRS \u2010 Institut Ecologie et Environnement | D\u00e9velopp\u00e9 par <a target=\"_blank\" href=\"https:\/\/laloupioteduweb.fr\">La loupiote du WEB<\/a> &reg;<br \/>3 rue Michel Ange 75000 Paris (16\u00e8me) - <a href=\"mailto:\" target=\"_blank\"><\/a>\n<p>[\/et_pb_text][\/et_pb_column][\/et_pb_row][\/et_pb_section]<\/p>\n","protected":false},"excerpt":{"rendered":"<p>Introduction La gestion de la donn\u00e9e du RZA repose sur la Politique des donn\u00e9es du CNRS E&amp;E d\u00e9finissant les principes g\u00e9n\u00e9raux d\u2019utilisation, de stockage, de diffusion et de r\u00e9utilisation des donn\u00e9es. Cette gestion prend en compte le cycle de vie complets des donn\u00e9es depuis leur cr\u00e9ation jusqu&rsquo;\u00e0 leur r\u00e9utilisation.Cycle de vie de la donn\u00e9e, source [&hellip;]<\/p>\n","protected":false},"author":3,"featured_media":0,"parent":0,"menu_order":0,"comment_status":"closed","ping_status":"closed","template":"","meta":{"_acf_changed":false,"_et_pb_use_builder":"on","_et_pb_old_content":"","_et_gb_content_width":"","footnotes":""},"dipi_cpt_category":[],"class_list":["post-241402","page","type-page","status-publish","hentry"],"acf":[],"_links":{"self":[{"href":"https:\/\/rza.cnrs.fr\/en\/wp-json\/wp\/v2\/pages\/241402","targetHints":{"allow":["GET"]}}],"collection":[{"href":"https:\/\/rza.cnrs.fr\/en\/wp-json\/wp\/v2\/pages"}],"about":[{"href":"https:\/\/rza.cnrs.fr\/en\/wp-json\/wp\/v2\/types\/page"}],"author":[{"embeddable":true,"href":"https:\/\/rza.cnrs.fr\/en\/wp-json\/wp\/v2\/users\/3"}],"replies":[{"embeddable":true,"href":"https:\/\/rza.cnrs.fr\/en\/wp-json\/wp\/v2\/comments?post=241402"}],"version-history":[{"count":20,"href":"https:\/\/rza.cnrs.fr\/en\/wp-json\/wp\/v2\/pages\/241402\/revisions"}],"predecessor-version":[{"id":241696,"href":"https:\/\/rza.cnrs.fr\/en\/wp-json\/wp\/v2\/pages\/241402\/revisions\/241696"}],"wp:attachment":[{"href":"https:\/\/rza.cnrs.fr\/en\/wp-json\/wp\/v2\/media?parent=241402"}],"wp:term":[{"taxonomy":"dipi_cpt_category","embeddable":true,"href":"https:\/\/rza.cnrs.fr\/en\/wp-json\/wp\/v2\/dipi_cpt_category?post=241402"}],"curies":[{"name":"wp","href":"https:\/\/api.w.org\/{rel}","templated":true}]}}